{"id":1073,"date":"2019-04-18T11:16:34","date_gmt":"2019-04-18T11:16:34","guid":{"rendered":"https:\/\/envothemes.com\/envo-ecommerce\/?page_id=53"},"modified":"2025-11-15T04:59:07","modified_gmt":"2025-11-15T04:59:07","slug":"bao-hanh-purabath","status":"publish","type":"page","link":"https:\/\/purabath.vn\/?page_id=1073","title":{"rendered":"B\u1ea2O H\u00c0NH"},"content":{"rendered":"\t\t<div data-elementor-type=\"wp-post\" data-elementor-id=\"1073\" class=\"elementor elementor-1073\">\n\t\t\t\t<div class=\"elementor-element elementor-element-ef7bb84 e-con-full e-flex e-con e-parent\" data-id=\"ef7bb84\" data-element_type=\"container\" data-settings=\"{&quot;background_background&quot;:&quot;classic&quot;}\">\n\t\t<div class=\"elementor-element elementor-element-fce1ab1 e-con-full e-flex e-con e-child\" data-id=\"fce1ab1\" data-element_type=\"container\">\n\t\t<div class=\"elementor-element elementor-element-ef58d3f e-con-full e-flex e-con e-child\" data-id=\"ef58d3f\" data-element_type=\"container\">\n\t\t<div class=\"elementor-element elementor-element-0798462 e-con-full e-flex e-con e-child\" data-id=\"0798462\" data-element_type=\"container\">\n\t\t\t\t<div class=\"elementor-element elementor-element-63de3b1 elementor-widget elementor-widget-heading\" data-id=\"63de3b1\" data-element_type=\"widget\" data-widget_type=\"heading.default\">\n\t\t\t\t\t<h2 class=\"elementor-heading-title elementor-size-default\">B\u1ea2O H\u00c0NH<\/h2>\t\t\t\t<\/div>\n\t\t\t\t<div class=\"elementor-element elementor-element-25f3e48 elementor-widget elementor-widget-heading\" data-id=\"25f3e48\" data-element_type=\"widget\" data-widget_type=\"heading.default\">\n\t\t\t\t\t<h5 class=\"elementor-heading-title elementor-size-default\">PURABATH \u00e1p d\u1ee5ng h\u1ec7 th\u1ed1ng b\u1ea3o h\u00e0nh \u0111i\u1ec7n t\u1eed th\u00f4ng minh\nT\u1ea5t c\u1ea3 thi\u1ebft b\u1ecb nh\u00e0 b\u1ebfp PURABATH \u0111\u01b0\u1ee3c k\u00edch ho\u1ea1t b\u1ea3o h\u00e0nh ho\u00e0n to\u00e0n t\u1ef1 \u0111\u1ed9ng b\u1eb1ng s\u1ed1 \u0111i\u1ec7n tho\u1ea1i ho\u1eb7c m\u00e3 s\u1ea3n ph\u1ea9m, kh\u00f4ng c\u1ea7n gi\u1eef phi\u1ebfu gi\u1ea5y. <br>Kh\u00e1ch h\u00e0ng c\u00f3 th\u1ec3 d\u1ec5 d\u00e0ng tra c\u1ee9u th\u1eddi h\u1ea1n b\u1ea3o h\u00e0nh, l\u1ecbch s\u1eed s\u1eeda ch\u1eefa v\u00e0 \u0111\u01b0\u1ee3c h\u1ed7 tr\u1ee3 nhanh ch\u00f3ng th\u00f4ng qua t\u1ed5ng \u0111\u00e0i ho\u1eb7c website.\n<br>Nhanh ch\u00f3ng \u2013 Minh b\u1ea1ch \u2013 An t\u00e2m s\u1eed d\u1ee5ng.<\/h5>\t\t\t\t<\/div>\n\t\t\t\t<\/div>\n\t\t\t\t<\/div>\n\t\t\t\t<\/div>\n\t\t\t\t<\/div>\n\t\t<div class=\"elementor-element elementor-element-a8c40b5 e-flex e-con-boxed e-con e-parent\" data-id=\"a8c40b5\" data-element_type=\"container\">\n\t\t\t\t\t<div class=\"e-con-inner\">\n\t\t\t\t<div class=\"elementor-element elementor-element-f7785c7 elementor-widget elementor-widget-etww-contact-form-7\" data-id=\"f7785c7\" data-element_type=\"widget\" data-widget_type=\"etww-contact-form-7.default\">\n\t\t\t\t<div class=\"elementor-widget-container\">\n\t\t\t\t\t\n<div class=\"wpcf7 no-js\" id=\"wpcf7-f65-o1\" lang=\"vi\" dir=\"ltr\" data-wpcf7-id=\"65\">\n<div class=\"screen-reader-response\"><p role=\"status\" aria-live=\"polite\" aria-atomic=\"true\"><\/p> <ul><\/ul><\/div>\n<form action=\"\/index.php?rest_route=%2Fwp%2Fv2%2Fpages%2F1073#wpcf7-f65-o1\" method=\"post\" class=\"wpcf7-form init\" aria-label=\"Form li\u00ean h\u1ec7\" novalidate=\"novalidate\" data-status=\"init\">\n<fieldset class=\"hidden-fields-container\"><input type=\"hidden\" name=\"_wpcf7\" value=\"65\" \/><input type=\"hidden\" name=\"_wpcf7_version\" value=\"6.1.3\" \/><input type=\"hidden\" name=\"_wpcf7_locale\" value=\"vi\" \/><input type=\"hidden\" name=\"_wpcf7_unit_tag\" value=\"wpcf7-f65-o1\" \/><input type=\"hidden\" name=\"_wpcf7_container_post\" value=\"0\" \/><input type=\"hidden\" name=\"_wpcf7_posted_data_hash\" value=\"\" \/>\n<\/fieldset>\n<p><label> T\u00ean c\u1ee7a b\u1ea1n<br \/>\n<span class=\"wpcf7-form-control-wrap\" data-name=\"your-name\"><input size=\"40\" maxlength=\"400\" class=\"wpcf7-form-control wpcf7-text wpcf7-validates-as-required\" autocomplete=\"name\" aria-required=\"true\" aria-invalid=\"false\" value=\"\" type=\"text\" name=\"your-name\" \/><\/span> <\/label>\n<\/p>\n<p><label> S\u1ed1 \u0111i\u1ec7n tho\u1ea1i c\u1ee7a b\u1ea1n<br \/>\n<span class=\"wpcf7-form-control-wrap\" data-name=\"your-phone\"><input size=\"40\" maxlength=\"400\" class=\"wpcf7-form-control wpcf7-email wpcf7-validates-as-required wpcf7-text wpcf7-validates-as-email\" autocomplete=\"email\" aria-required=\"true\" aria-invalid=\"false\" value=\"\" type=\"email\" name=\"your-phone\" \/><\/span> <\/label>\n<\/p>\n<p><label> M\u00e3 b\u1ea3o h\u00e0nh:<br \/>\n<span class=\"wpcf7-form-control-wrap\" data-name=\"your-subject\"><input size=\"40\" maxlength=\"400\" class=\"wpcf7-form-control wpcf7-text wpcf7-validates-as-required\" aria-required=\"true\" aria-invalid=\"false\" value=\"\" type=\"text\" name=\"your-subject\" \/><\/span> <\/label>\n<\/p>\n<p><input class=\"wpcf7-form-control wpcf7-submit has-spinner\" type=\"submit\" value=\"G\u1eedi\" \/>\n<\/p><div class=\"wpcf7-response-output\" aria-hidden=\"true\"><\/div>\n<\/form>\n<\/div>\n\t\t\t\t<\/div>\n\t\t\t\t<\/div>\n\t\t\t\t\t<\/div>\n\t\t\t\t<\/div>\n\t\t\t\t<\/div>\n\t\t","protected":false},"excerpt":{"rendered":"<p>B\u1ea2O H\u00c0NH PURABATH \u00e1p d\u1ee5ng h\u1ec7 th\u1ed1ng b\u1ea3o h\u00e0nh \u0111i\u1ec7n t\u1eed th\u00f4ng minh T\u1ea5t c\u1ea3 thi\u1ebft b\u1ecb nh\u00e0 b\u1ebfp PURABATH \u0111\u01b0\u1ee3c k\u00edch ho\u1ea1t b\u1ea3o h\u00e0nh ho\u00e0n to\u00e0n t\u1ef1 \u0111\u1ed9ng b\u1eb1ng s\u1ed1 \u0111i\u1ec7n tho\u1ea1i ho\u1eb7c m\u00e3 s\u1ea3n ph\u1ea9m, kh\u00f4ng c\u1ea7n gi\u1eef phi\u1ebfu gi\u1ea5y. Kh\u00e1ch h\u00e0ng c\u00f3 th\u1ec3 d\u1ec5 d\u00e0ng tra c\u1ee9u th\u1eddi h\u1ea1n b\u1ea3o h\u00e0nh, l\u1ecbch&hellip;<\/p>\n","protected":false},"author":1,"featured_media":0,"parent":0,"menu_order":0,"comment_status":"closed","ping_status":"closed","template":"templates\/template-page-builders.php","meta":{"footnotes":""},"class_list":["post-1073","page","type-page","status-publish","hentry"],"yoast_head":"<!-- This site is optimized with the Yoast SEO plugin v26.3 - https:\/\/yoast.com\/wordpress\/plugins\/seo\/ -->\n<title>B\u1ea2O H\u00c0NH - PURABATH<\/title>\n<meta name=\"robots\" content=\"index, follow, max-snippet:-1, max-image-preview:large, max-video-preview:-1\" \/>\n<link rel=\"canonical\" href=\"https:\/\/purabath.vn\/?page_id=1073\" \/>\n<meta property=\"og:locale\" content=\"vi_VN\" \/>\n<meta property=\"og:type\" content=\"article\" \/>\n<meta property=\"og:title\" content=\"B\u1ea2O H\u00c0NH - PURABATH\" \/>\n<meta property=\"og:description\" content=\"B\u1ea2O H\u00c0NH PURABATH \u00e1p d\u1ee5ng h\u1ec7 th\u1ed1ng b\u1ea3o h\u00e0nh \u0111i\u1ec7n t\u1eed th\u00f4ng minh T\u1ea5t c\u1ea3 thi\u1ebft b\u1ecb nh\u00e0 b\u1ebfp PURABATH \u0111\u01b0\u1ee3c k\u00edch ho\u1ea1t b\u1ea3o h\u00e0nh ho\u00e0n to\u00e0n t\u1ef1 \u0111\u1ed9ng b\u1eb1ng s\u1ed1 \u0111i\u1ec7n tho\u1ea1i ho\u1eb7c m\u00e3 s\u1ea3n ph\u1ea9m, kh\u00f4ng c\u1ea7n gi\u1eef phi\u1ebfu gi\u1ea5y. Kh\u00e1ch h\u00e0ng c\u00f3 th\u1ec3 d\u1ec5 d\u00e0ng tra c\u1ee9u th\u1eddi h\u1ea1n b\u1ea3o h\u00e0nh, l\u1ecbch&hellip;\" \/>\n<meta property=\"og:url\" content=\"https:\/\/purabath.vn\/?page_id=1073\" \/>\n<meta property=\"og:site_name\" content=\"PURABATH\" \/>\n<meta property=\"article:modified_time\" content=\"2025-11-15T04:59:07+00:00\" \/>\n<meta name=\"twitter:card\" content=\"summary_large_image\" \/>\n<meta name=\"twitter:label1\" content=\"\u01af\u1edbc t\u00ednh th\u1eddi gian \u0111\u1ecdc\" \/>\n\t<meta name=\"twitter:data1\" content=\"1 ph\u00fat\" \/>\n<script type=\"application\/ld+json\" class=\"yoast-schema-graph\">{\"@context\":\"https:\/\/schema.org\",\"@graph\":[{\"@type\":\"WebPage\",\"@id\":\"https:\/\/purabath.vn\/?page_id=1073\",\"url\":\"https:\/\/purabath.vn\/?page_id=1073\",\"name\":\"B\u1ea2O H\u00c0NH - PURABATH\",\"isPartOf\":{\"@id\":\"https:\/\/purabath.vn\/#website\"},\"datePublished\":\"2019-04-18T11:16:34+00:00\",\"dateModified\":\"2025-11-15T04:59:07+00:00\",\"breadcrumb\":{\"@id\":\"https:\/\/purabath.vn\/?page_id=1073#breadcrumb\"},\"inLanguage\":\"vi\",\"potentialAction\":[{\"@type\":\"ReadAction\",\"target\":[\"https:\/\/purabath.vn\/?page_id=1073\"]}]},{\"@type\":\"BreadcrumbList\",\"@id\":\"https:\/\/purabath.vn\/?page_id=1073#breadcrumb\",\"itemListElement\":[{\"@type\":\"ListItem\",\"position\":1,\"name\":\"Trang ch\u1ee7\",\"item\":\"https:\/\/purabath.vn\/\"},{\"@type\":\"ListItem\",\"position\":2,\"name\":\"B\u1ea2O H\u00c0NH\"}]},{\"@type\":\"WebSite\",\"@id\":\"https:\/\/purabath.vn\/#website\",\"url\":\"https:\/\/purabath.vn\/\",\"name\":\"PURABATH\",\"description\":\"Thi\u1ebft b\u1ecb nh\u00e0 b\u1ebfp PuraBath \u2013 Gi\u1ea3i ph\u00e1p ho\u00e0n h\u1ea3o cho kh\u00f4ng gian b\u1ebfp hi\u1ec7n \u0111\u1ea1i  PuraBath l\u00e0 th\u01b0\u01a1ng hi\u1ec7u chuy\u00ean cung c\u1ea5p thi\u1ebft b\u1ecb nh\u00e0 b\u1ebfp cao c\u1ea5p v\u1edbi thi\u1ebft k\u1ebf tinh t\u1ebf, c\u00f4ng ngh\u1ec7 ti\u00ean ti\u1ebfn v\u00e0 \u0111\u1ed9 b\u1ec1n v\u01b0\u1ee3t tr\u1ed9i. C\u00e1c s\u1ea3n ph\u1ea9m c\u1ee7a PuraBath \u2013 t\u1eeb m\u00e1y h\u00fat m\u00f9i, b\u1ebfp t\u1eeb, ch\u1eadu r\u1eeda, v\u00f2i r\u1eeda, l\u00f2 n\u01b0\u1edbng, t\u1ee7 l\u1ea1nh \u00e2m t\u1ee7 \u2013 \u0111\u1ec1u \u0111\u01b0\u1ee3c ch\u1ecdn l\u1ecdc k\u1ef9 l\u01b0\u1ee1ng nh\u1eb1m mang \u0111\u1ebfn tr\u1ea3i nghi\u1ec7m ti\u1ec7n nghi, an to\u00e0n v\u00e0 th\u1ea9m m\u1ef9 cho gia \u0111\u00ecnh Vi\u1ec7t.  V\u1edbi ph\u01b0\u01a1ng ch\u00e2m \u201cTinh t\u1ebf trong t\u1eebng chi ti\u1ebft \u2013 B\u1ec1n b\u1ec9 c\u00f9ng th\u1eddi gian\u201d, PuraBath kh\u00f4ng ch\u1ec9 mang l\u1ea1i c\u00e1c thi\u1ebft b\u1ecb b\u1ebfp ch\u1ea5t l\u01b0\u1ee3ng m\u00e0 c\u00f2n l\u00e0 ng\u01b0\u1eddi b\u1ea1n \u0111\u1ed3ng h\u00e0nh trong vi\u1ec7c ki\u1ebfn t\u1ea1o kh\u00f4ng gian s\u1ed1ng hi\u1ec7n \u0111\u1ea1i, sang tr\u1ecdng v\u00e0 ti\u1ebft ki\u1ec7m n\u0103ng l\u01b0\u1ee3ng.  \ud83d\udc49 PuraBath \u2013 n\u00e2ng t\u1ea7m phong c\u00e1ch s\u1ed1ng, kh\u01a1i ngu\u1ed3n c\u1ea3m h\u1ee9ng cho c\u0103n b\u1ebfp Vi\u1ec7t.\",\"publisher\":{\"@id\":\"https:\/\/purabath.vn\/#organization\"},\"potentialAction\":[{\"@type\":\"SearchAction\",\"target\":{\"@type\":\"EntryPoint\",\"urlTemplate\":\"https:\/\/purabath.vn\/?s={search_term_string}\"},\"query-input\":{\"@type\":\"PropertyValueSpecification\",\"valueRequired\":true,\"valueName\":\"search_term_string\"}}],\"inLanguage\":\"vi\"},{\"@type\":\"Organization\",\"@id\":\"https:\/\/purabath.vn\/#organization\",\"name\":\"PURABATH\",\"url\":\"https:\/\/purabath.vn\/\",\"logo\":{\"@type\":\"ImageObject\",\"inLanguage\":\"vi\",\"@id\":\"https:\/\/purabath.vn\/#\/schema\/logo\/image\/\",\"url\":\"https:\/\/purabath.vn\/wp-content\/uploads\/2025\/11\/cropped-logo-Purabathh-01.png\",\"contentUrl\":\"https:\/\/purabath.vn\/wp-content\/uploads\/2025\/11\/cropped-logo-Purabathh-01.png\",\"width\":1875,\"height\":562,\"caption\":\"PURABATH\"},\"image\":{\"@id\":\"https:\/\/purabath.vn\/#\/schema\/logo\/image\/\"}}]}<\/script>\n<!-- \/ Yoast SEO plugin. -->","yoast_head_json":{"title":"B\u1ea2O H\u00c0NH - PURABATH","robots":{"index":"index","follow":"follow","max-snippet":"max-snippet:-1","max-image-preview":"max-image-preview:large","max-video-preview":"max-video-preview:-1"},"canonical":"https:\/\/purabath.vn\/?page_id=1073","og_locale":"vi_VN","og_type":"article","og_title":"B\u1ea2O H\u00c0NH - PURABATH","og_description":"B\u1ea2O H\u00c0NH PURABATH \u00e1p d\u1ee5ng h\u1ec7 th\u1ed1ng b\u1ea3o h\u00e0nh \u0111i\u1ec7n t\u1eed th\u00f4ng minh T\u1ea5t c\u1ea3 thi\u1ebft b\u1ecb nh\u00e0 b\u1ebfp PURABATH \u0111\u01b0\u1ee3c k\u00edch ho\u1ea1t b\u1ea3o h\u00e0nh ho\u00e0n to\u00e0n t\u1ef1 \u0111\u1ed9ng b\u1eb1ng s\u1ed1 \u0111i\u1ec7n tho\u1ea1i ho\u1eb7c m\u00e3 s\u1ea3n ph\u1ea9m, kh\u00f4ng c\u1ea7n gi\u1eef phi\u1ebfu gi\u1ea5y. Kh\u00e1ch h\u00e0ng c\u00f3 th\u1ec3 d\u1ec5 d\u00e0ng tra c\u1ee9u th\u1eddi h\u1ea1n b\u1ea3o h\u00e0nh, l\u1ecbch&hellip;","og_url":"https:\/\/purabath.vn\/?page_id=1073","og_site_name":"PURABATH","article_modified_time":"2025-11-15T04:59:07+00:00","twitter_card":"summary_large_image","twitter_misc":{"\u01af\u1edbc t\u00ednh th\u1eddi gian \u0111\u1ecdc":"1 ph\u00fat"},"schema":{"@context":"https:\/\/schema.org","@graph":[{"@type":"WebPage","@id":"https:\/\/purabath.vn\/?page_id=1073","url":"https:\/\/purabath.vn\/?page_id=1073","name":"B\u1ea2O H\u00c0NH - PURABATH","isPartOf":{"@id":"https:\/\/purabath.vn\/#website"},"datePublished":"2019-04-18T11:16:34+00:00","dateModified":"2025-11-15T04:59:07+00:00","breadcrumb":{"@id":"https:\/\/purabath.vn\/?page_id=1073#breadcrumb"},"inLanguage":"vi","potentialAction":[{"@type":"ReadAction","target":["https:\/\/purabath.vn\/?page_id=1073"]}]},{"@type":"BreadcrumbList","@id":"https:\/\/purabath.vn\/?page_id=1073#breadcrumb","itemListElement":[{"@type":"ListItem","position":1,"name":"Trang ch\u1ee7","item":"https:\/\/purabath.vn\/"},{"@type":"ListItem","position":2,"name":"B\u1ea2O H\u00c0NH"}]},{"@type":"WebSite","@id":"https:\/\/purabath.vn\/#website","url":"https:\/\/purabath.vn\/","name":"PURABATH","description":"Thi\u1ebft b\u1ecb nh\u00e0 b\u1ebfp PuraBath \u2013 Gi\u1ea3i ph\u00e1p ho\u00e0n h\u1ea3o cho kh\u00f4ng gian b\u1ebfp hi\u1ec7n \u0111\u1ea1i  PuraBath l\u00e0 th\u01b0\u01a1ng hi\u1ec7u chuy\u00ean cung c\u1ea5p thi\u1ebft b\u1ecb nh\u00e0 b\u1ebfp cao c\u1ea5p v\u1edbi thi\u1ebft k\u1ebf tinh t\u1ebf, c\u00f4ng ngh\u1ec7 ti\u00ean ti\u1ebfn v\u00e0 \u0111\u1ed9 b\u1ec1n v\u01b0\u1ee3t tr\u1ed9i. C\u00e1c s\u1ea3n ph\u1ea9m c\u1ee7a PuraBath \u2013 t\u1eeb m\u00e1y h\u00fat m\u00f9i, b\u1ebfp t\u1eeb, ch\u1eadu r\u1eeda, v\u00f2i r\u1eeda, l\u00f2 n\u01b0\u1edbng, t\u1ee7 l\u1ea1nh \u00e2m t\u1ee7 \u2013 \u0111\u1ec1u \u0111\u01b0\u1ee3c ch\u1ecdn l\u1ecdc k\u1ef9 l\u01b0\u1ee1ng nh\u1eb1m mang \u0111\u1ebfn tr\u1ea3i nghi\u1ec7m ti\u1ec7n nghi, an to\u00e0n v\u00e0 th\u1ea9m m\u1ef9 cho gia \u0111\u00ecnh Vi\u1ec7t.  V\u1edbi ph\u01b0\u01a1ng ch\u00e2m \u201cTinh t\u1ebf trong t\u1eebng chi ti\u1ebft \u2013 B\u1ec1n b\u1ec9 c\u00f9ng th\u1eddi gian\u201d, PuraBath kh\u00f4ng ch\u1ec9 mang l\u1ea1i c\u00e1c thi\u1ebft b\u1ecb b\u1ebfp ch\u1ea5t l\u01b0\u1ee3ng m\u00e0 c\u00f2n l\u00e0 ng\u01b0\u1eddi b\u1ea1n \u0111\u1ed3ng h\u00e0nh trong vi\u1ec7c ki\u1ebfn t\u1ea1o kh\u00f4ng gian s\u1ed1ng hi\u1ec7n \u0111\u1ea1i, sang tr\u1ecdng v\u00e0 ti\u1ebft ki\u1ec7m n\u0103ng l\u01b0\u1ee3ng.  \ud83d\udc49 PuraBath \u2013 n\u00e2ng t\u1ea7m phong c\u00e1ch s\u1ed1ng, kh\u01a1i ngu\u1ed3n c\u1ea3m h\u1ee9ng cho c\u0103n b\u1ebfp Vi\u1ec7t.","publisher":{"@id":"https:\/\/purabath.vn\/#organization"},"potentialAction":[{"@type":"SearchAction","target":{"@type":"EntryPoint","urlTemplate":"https:\/\/purabath.vn\/?s={search_term_string}"},"query-input":{"@type":"PropertyValueSpecification","valueRequired":true,"valueName":"search_term_string"}}],"inLanguage":"vi"},{"@type":"Organization","@id":"https:\/\/purabath.vn\/#organization","name":"PURABATH","url":"https:\/\/purabath.vn\/","logo":{"@type":"ImageObject","inLanguage":"vi","@id":"https:\/\/purabath.vn\/#\/schema\/logo\/image\/","url":"https:\/\/purabath.vn\/wp-content\/uploads\/2025\/11\/cropped-logo-Purabathh-01.png","contentUrl":"https:\/\/purabath.vn\/wp-content\/uploads\/2025\/11\/cropped-logo-Purabathh-01.png","width":1875,"height":562,"caption":"PURABATH"},"image":{"@id":"https:\/\/purabath.vn\/#\/schema\/logo\/image\/"}}]}},"_links":{"self":[{"href":"https:\/\/purabath.vn\/index.php?rest_route=\/wp\/v2\/pages\/1073","targetHints":{"allow":["GET"]}}],"collection":[{"href":"https:\/\/purabath.vn\/index.php?rest_route=\/wp\/v2\/pages"}],"about":[{"href":"https:\/\/purabath.vn\/index.php?rest_route=\/wp\/v2\/types\/page"}],"author":[{"embeddable":true,"href":"https:\/\/purabath.vn\/index.php?rest_route=\/wp\/v2\/users\/1"}],"replies":[{"embeddable":true,"href":"https:\/\/purabath.vn\/index.php?rest_route=%2Fwp%2Fv2%2Fcomments&post=1073"}],"version-history":[{"count":19,"href":"https:\/\/purabath.vn\/index.php?rest_route=\/wp\/v2\/pages\/1073\/revisions"}],"predecessor-version":[{"id":1359,"href":"https:\/\/purabath.vn\/index.php?rest_route=\/wp\/v2\/pages\/1073\/revisions\/1359"}],"wp:attachment":[{"href":"https:\/\/purabath.vn\/index.php?rest_route=%2Fwp%2Fv2%2Fmedia&parent=1073"}],"curies":[{"name":"wp","href":"https:\/\/api.w.org\/{rel}","templated":true}]}}