{"id":1056,"date":"2019-04-18T11:12:45","date_gmt":"2019-04-18T11:12:45","guid":{"rendered":"https:\/\/envothemes.com\/envo-ecommerce\/?page_id=48"},"modified":"2025-11-07T04:54:52","modified_gmt":"2025-11-07T04:54:52","slug":"lien-he","status":"publish","type":"page","link":"https:\/\/purabath.vn\/?page_id=1056","title":{"rendered":"LI\u00caN H\u1ec6"},"content":{"rendered":"\t\t<div data-elementor-type=\"wp-post\" data-elementor-id=\"1056\" class=\"elementor elementor-1056\">\n\t\t\t\t<div class=\"elementor-element elementor-element-d126458 e-con-full e-flex e-con e-parent\" data-id=\"d126458\" data-element_type=\"container\" data-settings=\"{&quot;background_background&quot;:&quot;classic&quot;}\">\n\t\t<div class=\"elementor-element elementor-element-7c85356 e-con-full e-flex e-con e-child\" data-id=\"7c85356\" data-element_type=\"container\">\n\t\t<div class=\"elementor-element elementor-element-3e9e7b2 e-con-full e-flex e-con e-child\" data-id=\"3e9e7b2\" data-element_type=\"container\">\n\t\t<div class=\"elementor-element elementor-element-e6868b4 e-con-full e-flex e-con e-child\" data-id=\"e6868b4\" data-element_type=\"container\">\n\t\t\t\t<div class=\"elementor-element elementor-element-9011229 elementor-widget elementor-widget-heading\" data-id=\"9011229\" data-element_type=\"widget\" data-widget_type=\"heading.default\">\n\t\t\t\t\t<h2 class=\"elementor-heading-title elementor-size-default\">LI\u00caN H\u1ec6 CH\u00daNG T\u00d4I<\/h2>\t\t\t\t<\/div>\n\t\t\t\t<div class=\"elementor-element elementor-element-b8b5019 elementor-widget elementor-widget-heading\" data-id=\"b8b5019\" data-element_type=\"widget\" data-widget_type=\"heading.default\">\n\t\t\t\t\t<h5 class=\"elementor-heading-title elementor-size-default\">\u0110\u1ed9i ng\u0169 PURABATH lu\u00f4n s\u1eb5n s\u00e0ng h\u1ed7 tr\u1ee3 m\u1ecdi th\u1eafc m\u1eafc v\u1ec1 s\u1ea3n ph\u1ea9m, b\u1ea3o h\u00e0nh, l\u1eafp \u0111\u1eb7t v\u00e0 d\u1ecbch v\u1ee5 h\u1eadu m\u00e3i. <br>Qu\u00fd kh\u00e1ch c\u00f3 th\u1ec3 li\u00ean h\u1ec7 qua hotline, email ho\u1eb7c fanpage \u0111\u1ec3 \u0111\u01b0\u1ee3c t\u01b0 v\u1ea5n nhanh ch\u00f3ng v\u00e0 chuy\u00ean nghi\u1ec7p.\n<br>Ph\u1ee5c v\u1ee5 t\u1eadn t\u00e2m \u2013 ph\u1ea3n h\u1ed3i nhanh \u2013 h\u1ed7 tr\u1ee3 tr\u1ecdn v\u1eb9n.<\/h5>\t\t\t\t<\/div>\n\t\t\t\t<\/div>\n\t\t\t\t<\/div>\n\t\t\t\t<\/div>\n\t\t\t\t<\/div>\n\t\t<div class=\"elementor-element elementor-element-4f7ea0e e-flex e-con-boxed e-con e-parent\" data-id=\"4f7ea0e\" data-element_type=\"container\" data-settings=\"{&quot;background_background&quot;:&quot;classic&quot;}\">\n\t\t\t\t\t<div class=\"e-con-inner\">\n\t\t<div class=\"elementor-element elementor-element-41d3f51 e-con-full e-flex e-con e-child\" data-id=\"41d3f51\" data-element_type=\"container\" data-settings=\"{&quot;background_background&quot;:&quot;classic&quot;}\">\n\t\t<div class=\"elementor-element elementor-element-b812d96 e-con-full e-flex e-con e-child\" data-id=\"b812d96\" data-element_type=\"container\">\n\t\t<div class=\"elementor-element elementor-element-57132b5 e-con-full e-flex e-con e-child\" data-id=\"57132b5\" data-element_type=\"container\">\n\t\t\t\t<div class=\"elementor-element elementor-element-2fc6b98 elementor-widget elementor-widget-heading\" data-id=\"2fc6b98\" data-element_type=\"widget\" data-widget_type=\"heading.default\">\n\t\t\t\t\t<h2 class=\"elementor-heading-title elementor-size-default\">LI\u00caN H\u1ec6<\/h2>\t\t\t\t<\/div>\n\t\t\t\t<div class=\"elementor-element elementor-element-fb8e910 elementor-widget elementor-widget-heading\" data-id=\"fb8e910\" data-element_type=\"widget\" data-widget_type=\"heading.default\">\n\t\t\t\t\t<h5 class=\"elementor-heading-title elementor-size-default\">\u0110\u1ed9i ng\u0169 PURABATH lu\u00f4n s\u1eb5n s\u00e0ng h\u1ed7 tr\u1ee3 m\u1ecdi th\u1eafc m\u1eafc v\u1ec1 s\u1ea3n ph\u1ea9m, b\u1ea3o h\u00e0nh, l\u1eafp \u0111\u1eb7t v\u00e0 d\u1ecbch v\u1ee5 h\u1eadu m\u00e3i. Qu\u00fd kh\u00e1ch c\u00f3 th\u1ec3 li\u00ean h\u1ec7 qua hotline, email ho\u1eb7c fanpage \u0111\u1ec3 \u0111\u01b0\u1ee3c t\u01b0 v\u1ea5n nhanh ch\u00f3ng v\u00e0 chuy\u00ean nghi\u1ec7p.\nPh\u1ee5c v\u1ee5 t\u1eadn t\u00e2m \u2013 ph\u1ea3n h\u1ed3i nhanh \u2013 h\u1ed7 tr\u1ee3 tr\u1ecdn v\u1eb9n.<\/h5>\t\t\t\t<\/div>\n\t\t\t\t<\/div>\n\t\t\t\t<\/div>\n\t\t<div class=\"elementor-element elementor-element-fa77345 e-con-full e-flex e-con e-child\" data-id=\"fa77345\" data-element_type=\"container\">\n\t\t<div class=\"elementor-element elementor-element-a6fdaef e-con-full e-flex e-con e-child\" data-id=\"a6fdaef\" data-element_type=\"container\">\n\t\t\t\t<div class=\"elementor-element elementor-element-23902f4 elementor-widget elementor-widget-heading\" data-id=\"23902f4\" data-element_type=\"widget\" data-widget_type=\"heading.default\">\n\t\t\t\t\t<h3 class=\"elementor-heading-title elementor-size-default\">\u0110\u1ecaA CH\u1ec8<\/h3>\t\t\t\t<\/div>\n\t\t\t\t<div class=\"elementor-element elementor-element-f2e9b0e elementor-widget elementor-widget-text-editor\" data-id=\"f2e9b0e\" data-element_type=\"widget\" data-widget_type=\"text-editor.default\">\n\t\t\t\t\t\t\t\t\t<div dir=\"auto\" style=\"text-align: justify;\"><span style=\"color: #000000;\">\u00a0<\/span><\/div><div dir=\"auto\" style=\"text-align: justify;\"><span style=\"color: #000000;\">U02 &#8211; Li\u1ec1n k\u1ec1 20 + 22, K\u0110T m\u1edbi D\u01b0\u01a1ng N\u1ed9i, P. Y\u00ean Ngh\u0129a, H\u00e0 \u0110\u00f4ng, H\u00e0 N\u1ed9i.<\/span><\/div>\t\t\t\t\t\t\t\t<\/div>\n\t\t\t\t<\/div>\n\t\t<div class=\"elementor-element elementor-element-5dc8d51 e-con-full e-flex e-con e-child\" data-id=\"5dc8d51\" data-element_type=\"container\">\n\t\t\t\t<div class=\"elementor-element elementor-element-1ccb256 elementor-widget elementor-widget-heading\" data-id=\"1ccb256\" data-element_type=\"widget\" data-widget_type=\"heading.default\">\n\t\t\t\t\t<h3 class=\"elementor-heading-title elementor-size-default\">Hotline<\/h3>\t\t\t\t<\/div>\n\t\t\t\t<div class=\"elementor-element elementor-element-f6117f6 elementor-widget elementor-widget-text-editor\" data-id=\"f6117f6\" data-element_type=\"widget\" data-widget_type=\"text-editor.default\">\n\t\t\t\t\t\t\t\t\t<p><strong>\u00a0<\/strong><\/p><p><span style=\"font-size: 18px; color: #000000;\">1900 066 686<\/span><\/p>\t\t\t\t\t\t\t\t<\/div>\n\t\t\t\t<\/div>\n\t\t\t\t<\/div>\n\t\t\t\t<div class=\"elementor-element elementor-element-dcd76e6 elementor-shape-square elementor-grid-0 e-grid-align-center elementor-widget elementor-widget-social-icons\" data-id=\"dcd76e6\" data-element_type=\"widget\" data-widget_type=\"social-icons.default\">\n\t\t\t\t\t\t\t<div class=\"elementor-social-icons-wrapper elementor-grid\" role=\"list\">\n\t\t\t\t\t\t\t<span class=\"elementor-grid-item\" role=\"listitem\">\n\t\t\t\t\t<a class=\"elementor-icon elementor-social-icon elementor-social-icon-facebook elementor-repeater-item-5d63b17\" href=\"#\" target=\"_blank\">\n\t\t\t\t\t\t<span class=\"elementor-screen-only\">Facebook<\/span>\n\t\t\t\t\t\t<svg aria-hidden=\"true\" class=\"e-font-icon-svg e-fab-facebook\" viewBox=\"0 0 512 512\" xmlns=\"http:\/\/www.w3.org\/2000\/svg\"><path d=\"M504 256C504 119 393 8 256 8S8 119 8 256c0 123.78 90.69 226.38 209.25 245V327.69h-63V256h63v-54.64c0-62.15 37-96.48 93.67-96.48 27.14 0 55.52 4.84 55.52 4.84v61h-31.28c-30.8 0-40.41 19.12-40.41 38.73V256h68.78l-11 71.69h-57.78V501C413.31 482.38 504 379.78 504 256z\"><\/path><\/svg>\t\t\t\t\t<\/a>\n\t\t\t\t<\/span>\n\t\t\t\t\t\t\t<span class=\"elementor-grid-item\" role=\"listitem\">\n\t\t\t\t\t<a class=\"elementor-icon elementor-social-icon elementor-social-icon-mail-bulk elementor-repeater-item-cc3419b\" href=\"#\" target=\"_blank\">\n\t\t\t\t\t\t<span class=\"elementor-screen-only\">Mail-bulk<\/span>\n\t\t\t\t\t\t<svg aria-hidden=\"true\" class=\"e-font-icon-svg e-fas-mail-bulk\" viewBox=\"0 0 576 512\" xmlns=\"http:\/\/www.w3.org\/2000\/svg\"><path d=\"M160 448c-25.6 0-51.2-22.4-64-32-64-44.8-83.2-60.8-96-70.4V480c0 17.67 14.33 32 32 32h256c17.67 0 32-14.33 32-32V345.6c-12.8 9.6-32 25.6-96 70.4-12.8 9.6-38.4 32-64 32zm128-192H32c-17.67 0-32 14.33-32 32v16c25.6 19.2 22.4 19.2 115.2 86.4 9.6 6.4 28.8 25.6 44.8 25.6s35.2-19.2 44.8-22.4c92.8-67.2 89.6-67.2 115.2-86.4V288c0-17.67-14.33-32-32-32zm256-96H224c-17.67 0-32 14.33-32 32v32h96c33.21 0 60.59 25.42 63.71 57.82l.29-.22V416h192c17.67 0 32-14.33 32-32V192c0-17.67-14.33-32-32-32zm-32 128h-64v-64h64v64zm-352-96c0-35.29 28.71-64 64-64h224V32c0-17.67-14.33-32-32-32H96C78.33 0 64 14.33 64 32v192h96v-32z\"><\/path><\/svg>\t\t\t\t\t<\/a>\n\t\t\t\t<\/span>\n\t\t\t\t\t\t\t<span class=\"elementor-grid-item\" role=\"listitem\">\n\t\t\t\t\t<a class=\"elementor-icon elementor-social-icon elementor-social-icon-youtube elementor-repeater-item-2cf8217\" href=\"#\" target=\"_blank\">\n\t\t\t\t\t\t<span class=\"elementor-screen-only\">Youtube<\/span>\n\t\t\t\t\t\t<svg aria-hidden=\"true\" class=\"e-font-icon-svg e-fab-youtube\" viewBox=\"0 0 576 512\" xmlns=\"http:\/\/www.w3.org\/2000\/svg\"><path d=\"M549.655 124.083c-6.281-23.65-24.787-42.276-48.284-48.597C458.781 64 288 64 288 64S117.22 64 74.629 75.486c-23.497 6.322-42.003 24.947-48.284 48.597-11.412 42.867-11.412 132.305-11.412 132.305s0 89.438 11.412 132.305c6.281 23.65 24.787 41.5 48.284 47.821C117.22 448 288 448 288 448s170.78 0 213.371-11.486c23.497-6.321 42.003-24.171 48.284-47.821 11.412-42.867 11.412-132.305 11.412-132.305s0-89.438-11.412-132.305zm-317.51 213.508V175.185l142.739 81.205-142.739 81.201z\"><\/path><\/svg>\t\t\t\t\t<\/a>\n\t\t\t\t<\/span>\n\t\t\t\t\t<\/div>\n\t\t\t\t\t\t<\/div>\n\t\t\t\t<\/div>\n\t\t<div class=\"elementor-element elementor-element-ded8f92 e-con-full e-flex e-con e-child\" data-id=\"ded8f92\" data-element_type=\"container\" data-settings=\"{&quot;background_background&quot;:&quot;classic&quot;}\">\n\t\t<div class=\"elementor-element elementor-element-a36b103 e-con-full e-flex e-con e-child\" data-id=\"a36b103\" data-element_type=\"container\">\n\t\t<div class=\"elementor-element elementor-element-4dd3586 e-con-full e-flex e-con e-child\" data-id=\"4dd3586\" data-element_type=\"container\">\n\t\t\t\t<div class=\"elementor-element elementor-element-a538d89 elementor-widget elementor-widget-google_maps\" data-id=\"a538d89\" data-element_type=\"widget\" data-widget_type=\"google_maps.default\">\n\t\t\t\t\t\t\t<div class=\"elementor-custom-embed\">\n\t\t\t<iframe loading=\"lazy\"\n\t\t\t\t\tsrc=\"https:\/\/maps.google.com\/maps?q=PURABATH&#038;t=m&#038;z=10&#038;output=embed&#038;iwloc=near\"\n\t\t\t\t\ttitle=\"PURABATH\"\n\t\t\t\t\taria-label=\"PURABATH\"\n\t\t\t><\/iframe>\n\t\t<\/div>\n\t\t\t\t\t\t<\/div>\n\t\t\t\t<\/div>\n\t\t\t\t<\/div>\n\t\t\t\t<\/div>\n\t\t\t\t\t<\/div>\n\t\t\t\t<\/div>\n\t\t\t\t<\/div>\n\t\t","protected":false},"excerpt":{"rendered":"<p>LI\u00caN H\u1ec6 CH\u00daNG T\u00d4I \u0110\u1ed9i ng\u0169 PURABATH lu\u00f4n s\u1eb5n s\u00e0ng h\u1ed7 tr\u1ee3 m\u1ecdi th\u1eafc m\u1eafc v\u1ec1 s\u1ea3n ph\u1ea9m, b\u1ea3o h\u00e0nh, l\u1eafp \u0111\u1eb7t v\u00e0 d\u1ecbch v\u1ee5 h\u1eadu m\u00e3i. Qu\u00fd kh\u00e1ch c\u00f3 th\u1ec3 li\u00ean h\u1ec7 qua hotline, email ho\u1eb7c fanpage \u0111\u1ec3 \u0111\u01b0\u1ee3c t\u01b0 v\u1ea5n nhanh ch\u00f3ng v\u00e0 chuy\u00ean nghi\u1ec7p. Ph\u1ee5c v\u1ee5 t\u1eadn t\u00e2m \u2013 ph\u1ea3n h\u1ed3i nhanh&hellip;<\/p>\n","protected":false},"author":1,"featured_media":0,"parent":0,"menu_order":0,"comment_status":"closed","ping_status":"closed","template":"templates\/template-page-builders.php","meta":{"footnotes":""},"class_list":["post-1056","page","type-page","status-publish","hentry"],"yoast_head":"<!-- This site is optimized with the Yoast SEO plugin v26.3 - https:\/\/yoast.com\/wordpress\/plugins\/seo\/ -->\n<title>LI\u00caN H\u1ec6 - PURABATH<\/title>\n<meta name=\"robots\" content=\"index, follow, max-snippet:-1, max-image-preview:large, max-video-preview:-1\" \/>\n<link rel=\"canonical\" href=\"https:\/\/purabath.vn\/?page_id=1056\" \/>\n<meta property=\"og:locale\" content=\"vi_VN\" \/>\n<meta property=\"og:type\" content=\"article\" \/>\n<meta property=\"og:title\" content=\"LI\u00caN H\u1ec6 - PURABATH\" \/>\n<meta property=\"og:description\" content=\"LI\u00caN H\u1ec6 CH\u00daNG T\u00d4I \u0110\u1ed9i ng\u0169 PURABATH lu\u00f4n s\u1eb5n s\u00e0ng h\u1ed7 tr\u1ee3 m\u1ecdi th\u1eafc m\u1eafc v\u1ec1 s\u1ea3n ph\u1ea9m, b\u1ea3o h\u00e0nh, l\u1eafp \u0111\u1eb7t v\u00e0 d\u1ecbch v\u1ee5 h\u1eadu m\u00e3i. Qu\u00fd kh\u00e1ch c\u00f3 th\u1ec3 li\u00ean h\u1ec7 qua hotline, email ho\u1eb7c fanpage \u0111\u1ec3 \u0111\u01b0\u1ee3c t\u01b0 v\u1ea5n nhanh ch\u00f3ng v\u00e0 chuy\u00ean nghi\u1ec7p. Ph\u1ee5c v\u1ee5 t\u1eadn t\u00e2m \u2013 ph\u1ea3n h\u1ed3i nhanh&hellip;\" \/>\n<meta property=\"og:url\" content=\"https:\/\/purabath.vn\/?page_id=1056\" \/>\n<meta property=\"og:site_name\" content=\"PURABATH\" \/>\n<meta property=\"article:modified_time\" content=\"2025-11-07T04:54:52+00:00\" \/>\n<meta name=\"twitter:card\" content=\"summary_large_image\" \/>\n<meta name=\"twitter:label1\" content=\"\u01af\u1edbc t\u00ednh th\u1eddi gian \u0111\u1ecdc\" \/>\n\t<meta name=\"twitter:data1\" content=\"1 ph\u00fat\" \/>\n<script type=\"application\/ld+json\" class=\"yoast-schema-graph\">{\"@context\":\"https:\/\/schema.org\",\"@graph\":[{\"@type\":\"WebPage\",\"@id\":\"https:\/\/purabath.vn\/?page_id=1056\",\"url\":\"https:\/\/purabath.vn\/?page_id=1056\",\"name\":\"LI\u00caN H\u1ec6 - PURABATH\",\"isPartOf\":{\"@id\":\"https:\/\/purabath.vn\/#website\"},\"datePublished\":\"2019-04-18T11:12:45+00:00\",\"dateModified\":\"2025-11-07T04:54:52+00:00\",\"breadcrumb\":{\"@id\":\"https:\/\/purabath.vn\/?page_id=1056#breadcrumb\"},\"inLanguage\":\"vi\",\"potentialAction\":[{\"@type\":\"ReadAction\",\"target\":[\"https:\/\/purabath.vn\/?page_id=1056\"]}]},{\"@type\":\"BreadcrumbList\",\"@id\":\"https:\/\/purabath.vn\/?page_id=1056#breadcrumb\",\"itemListElement\":[{\"@type\":\"ListItem\",\"position\":1,\"name\":\"Trang ch\u1ee7\",\"item\":\"https:\/\/purabath.vn\/\"},{\"@type\":\"ListItem\",\"position\":2,\"name\":\"LI\u00caN H\u1ec6\"}]},{\"@type\":\"WebSite\",\"@id\":\"https:\/\/purabath.vn\/#website\",\"url\":\"https:\/\/purabath.vn\/\",\"name\":\"PURABATH\",\"description\":\"Thi\u1ebft b\u1ecb nh\u00e0 b\u1ebfp PuraBath \u2013 Gi\u1ea3i ph\u00e1p ho\u00e0n h\u1ea3o cho kh\u00f4ng gian b\u1ebfp hi\u1ec7n \u0111\u1ea1i  PuraBath l\u00e0 th\u01b0\u01a1ng hi\u1ec7u chuy\u00ean cung c\u1ea5p thi\u1ebft b\u1ecb nh\u00e0 b\u1ebfp cao c\u1ea5p v\u1edbi thi\u1ebft k\u1ebf tinh t\u1ebf, c\u00f4ng ngh\u1ec7 ti\u00ean ti\u1ebfn v\u00e0 \u0111\u1ed9 b\u1ec1n v\u01b0\u1ee3t tr\u1ed9i. C\u00e1c s\u1ea3n ph\u1ea9m c\u1ee7a PuraBath \u2013 t\u1eeb m\u00e1y h\u00fat m\u00f9i, b\u1ebfp t\u1eeb, ch\u1eadu r\u1eeda, v\u00f2i r\u1eeda, l\u00f2 n\u01b0\u1edbng, t\u1ee7 l\u1ea1nh \u00e2m t\u1ee7 \u2013 \u0111\u1ec1u \u0111\u01b0\u1ee3c ch\u1ecdn l\u1ecdc k\u1ef9 l\u01b0\u1ee1ng nh\u1eb1m mang \u0111\u1ebfn tr\u1ea3i nghi\u1ec7m ti\u1ec7n nghi, an to\u00e0n v\u00e0 th\u1ea9m m\u1ef9 cho gia \u0111\u00ecnh Vi\u1ec7t.  V\u1edbi ph\u01b0\u01a1ng ch\u00e2m \u201cTinh t\u1ebf trong t\u1eebng chi ti\u1ebft \u2013 B\u1ec1n b\u1ec9 c\u00f9ng th\u1eddi gian\u201d, PuraBath kh\u00f4ng ch\u1ec9 mang l\u1ea1i c\u00e1c thi\u1ebft b\u1ecb b\u1ebfp ch\u1ea5t l\u01b0\u1ee3ng m\u00e0 c\u00f2n l\u00e0 ng\u01b0\u1eddi b\u1ea1n \u0111\u1ed3ng h\u00e0nh trong vi\u1ec7c ki\u1ebfn t\u1ea1o kh\u00f4ng gian s\u1ed1ng hi\u1ec7n \u0111\u1ea1i, sang tr\u1ecdng v\u00e0 ti\u1ebft ki\u1ec7m n\u0103ng l\u01b0\u1ee3ng.  \ud83d\udc49 PuraBath \u2013 n\u00e2ng t\u1ea7m phong c\u00e1ch s\u1ed1ng, kh\u01a1i ngu\u1ed3n c\u1ea3m h\u1ee9ng cho c\u0103n b\u1ebfp Vi\u1ec7t.\",\"publisher\":{\"@id\":\"https:\/\/purabath.vn\/#organization\"},\"potentialAction\":[{\"@type\":\"SearchAction\",\"target\":{\"@type\":\"EntryPoint\",\"urlTemplate\":\"https:\/\/purabath.vn\/?s={search_term_string}\"},\"query-input\":{\"@type\":\"PropertyValueSpecification\",\"valueRequired\":true,\"valueName\":\"search_term_string\"}}],\"inLanguage\":\"vi\"},{\"@type\":\"Organization\",\"@id\":\"https:\/\/purabath.vn\/#organization\",\"name\":\"PURABATH\",\"url\":\"https:\/\/purabath.vn\/\",\"logo\":{\"@type\":\"ImageObject\",\"inLanguage\":\"vi\",\"@id\":\"https:\/\/purabath.vn\/#\/schema\/logo\/image\/\",\"url\":\"https:\/\/purabath.vn\/wp-content\/uploads\/2025\/11\/cropped-logo-Purabathh-01.png\",\"contentUrl\":\"https:\/\/purabath.vn\/wp-content\/uploads\/2025\/11\/cropped-logo-Purabathh-01.png\",\"width\":1875,\"height\":562,\"caption\":\"PURABATH\"},\"image\":{\"@id\":\"https:\/\/purabath.vn\/#\/schema\/logo\/image\/\"}}]}<\/script>\n<!-- \/ Yoast SEO plugin. -->","yoast_head_json":{"title":"LI\u00caN H\u1ec6 - PURABATH","robots":{"index":"index","follow":"follow","max-snippet":"max-snippet:-1","max-image-preview":"max-image-preview:large","max-video-preview":"max-video-preview:-1"},"canonical":"https:\/\/purabath.vn\/?page_id=1056","og_locale":"vi_VN","og_type":"article","og_title":"LI\u00caN H\u1ec6 - PURABATH","og_description":"LI\u00caN H\u1ec6 CH\u00daNG T\u00d4I \u0110\u1ed9i ng\u0169 PURABATH lu\u00f4n s\u1eb5n s\u00e0ng h\u1ed7 tr\u1ee3 m\u1ecdi th\u1eafc m\u1eafc v\u1ec1 s\u1ea3n ph\u1ea9m, b\u1ea3o h\u00e0nh, l\u1eafp \u0111\u1eb7t v\u00e0 d\u1ecbch v\u1ee5 h\u1eadu m\u00e3i. Qu\u00fd kh\u00e1ch c\u00f3 th\u1ec3 li\u00ean h\u1ec7 qua hotline, email ho\u1eb7c fanpage \u0111\u1ec3 \u0111\u01b0\u1ee3c t\u01b0 v\u1ea5n nhanh ch\u00f3ng v\u00e0 chuy\u00ean nghi\u1ec7p. Ph\u1ee5c v\u1ee5 t\u1eadn t\u00e2m \u2013 ph\u1ea3n h\u1ed3i nhanh&hellip;","og_url":"https:\/\/purabath.vn\/?page_id=1056","og_site_name":"PURABATH","article_modified_time":"2025-11-07T04:54:52+00:00","twitter_card":"summary_large_image","twitter_misc":{"\u01af\u1edbc t\u00ednh th\u1eddi gian \u0111\u1ecdc":"1 ph\u00fat"},"schema":{"@context":"https:\/\/schema.org","@graph":[{"@type":"WebPage","@id":"https:\/\/purabath.vn\/?page_id=1056","url":"https:\/\/purabath.vn\/?page_id=1056","name":"LI\u00caN H\u1ec6 - PURABATH","isPartOf":{"@id":"https:\/\/purabath.vn\/#website"},"datePublished":"2019-04-18T11:12:45+00:00","dateModified":"2025-11-07T04:54:52+00:00","breadcrumb":{"@id":"https:\/\/purabath.vn\/?page_id=1056#breadcrumb"},"inLanguage":"vi","potentialAction":[{"@type":"ReadAction","target":["https:\/\/purabath.vn\/?page_id=1056"]}]},{"@type":"BreadcrumbList","@id":"https:\/\/purabath.vn\/?page_id=1056#breadcrumb","itemListElement":[{"@type":"ListItem","position":1,"name":"Trang ch\u1ee7","item":"https:\/\/purabath.vn\/"},{"@type":"ListItem","position":2,"name":"LI\u00caN H\u1ec6"}]},{"@type":"WebSite","@id":"https:\/\/purabath.vn\/#website","url":"https:\/\/purabath.vn\/","name":"PURABATH","description":"Thi\u1ebft b\u1ecb nh\u00e0 b\u1ebfp PuraBath \u2013 Gi\u1ea3i ph\u00e1p ho\u00e0n h\u1ea3o cho kh\u00f4ng gian b\u1ebfp hi\u1ec7n \u0111\u1ea1i  PuraBath l\u00e0 th\u01b0\u01a1ng hi\u1ec7u chuy\u00ean cung c\u1ea5p thi\u1ebft b\u1ecb nh\u00e0 b\u1ebfp cao c\u1ea5p v\u1edbi thi\u1ebft k\u1ebf tinh t\u1ebf, c\u00f4ng ngh\u1ec7 ti\u00ean ti\u1ebfn v\u00e0 \u0111\u1ed9 b\u1ec1n v\u01b0\u1ee3t tr\u1ed9i. C\u00e1c s\u1ea3n ph\u1ea9m c\u1ee7a PuraBath \u2013 t\u1eeb m\u00e1y h\u00fat m\u00f9i, b\u1ebfp t\u1eeb, ch\u1eadu r\u1eeda, v\u00f2i r\u1eeda, l\u00f2 n\u01b0\u1edbng, t\u1ee7 l\u1ea1nh \u00e2m t\u1ee7 \u2013 \u0111\u1ec1u \u0111\u01b0\u1ee3c ch\u1ecdn l\u1ecdc k\u1ef9 l\u01b0\u1ee1ng nh\u1eb1m mang \u0111\u1ebfn tr\u1ea3i nghi\u1ec7m ti\u1ec7n nghi, an to\u00e0n v\u00e0 th\u1ea9m m\u1ef9 cho gia \u0111\u00ecnh Vi\u1ec7t.  V\u1edbi ph\u01b0\u01a1ng ch\u00e2m \u201cTinh t\u1ebf trong t\u1eebng chi ti\u1ebft \u2013 B\u1ec1n b\u1ec9 c\u00f9ng th\u1eddi gian\u201d, PuraBath kh\u00f4ng ch\u1ec9 mang l\u1ea1i c\u00e1c thi\u1ebft b\u1ecb b\u1ebfp ch\u1ea5t l\u01b0\u1ee3ng m\u00e0 c\u00f2n l\u00e0 ng\u01b0\u1eddi b\u1ea1n \u0111\u1ed3ng h\u00e0nh trong vi\u1ec7c ki\u1ebfn t\u1ea1o kh\u00f4ng gian s\u1ed1ng hi\u1ec7n \u0111\u1ea1i, sang tr\u1ecdng v\u00e0 ti\u1ebft ki\u1ec7m n\u0103ng l\u01b0\u1ee3ng.  \ud83d\udc49 PuraBath \u2013 n\u00e2ng t\u1ea7m phong c\u00e1ch s\u1ed1ng, kh\u01a1i ngu\u1ed3n c\u1ea3m h\u1ee9ng cho c\u0103n b\u1ebfp Vi\u1ec7t.","publisher":{"@id":"https:\/\/purabath.vn\/#organization"},"potentialAction":[{"@type":"SearchAction","target":{"@type":"EntryPoint","urlTemplate":"https:\/\/purabath.vn\/?s={search_term_string}"},"query-input":{"@type":"PropertyValueSpecification","valueRequired":true,"valueName":"search_term_string"}}],"inLanguage":"vi"},{"@type":"Organization","@id":"https:\/\/purabath.vn\/#organization","name":"PURABATH","url":"https:\/\/purabath.vn\/","logo":{"@type":"ImageObject","inLanguage":"vi","@id":"https:\/\/purabath.vn\/#\/schema\/logo\/image\/","url":"https:\/\/purabath.vn\/wp-content\/uploads\/2025\/11\/cropped-logo-Purabathh-01.png","contentUrl":"https:\/\/purabath.vn\/wp-content\/uploads\/2025\/11\/cropped-logo-Purabathh-01.png","width":1875,"height":562,"caption":"PURABATH"},"image":{"@id":"https:\/\/purabath.vn\/#\/schema\/logo\/image\/"}}]}},"_links":{"self":[{"href":"https:\/\/purabath.vn\/index.php?rest_route=\/wp\/v2\/pages\/1056","targetHints":{"allow":["GET"]}}],"collection":[{"href":"https:\/\/purabath.vn\/index.php?rest_route=\/wp\/v2\/pages"}],"about":[{"href":"https:\/\/purabath.vn\/index.php?rest_route=\/wp\/v2\/types\/page"}],"author":[{"embeddable":true,"href":"https:\/\/purabath.vn\/index.php?rest_route=\/wp\/v2\/users\/1"}],"replies":[{"embeddable":true,"href":"https:\/\/purabath.vn\/index.php?rest_route=%2Fwp%2Fv2%2Fcomments&post=1056"}],"version-history":[{"count":13,"href":"https:\/\/purabath.vn\/index.php?rest_route=\/wp\/v2\/pages\/1056\/revisions"}],"predecessor-version":[{"id":1254,"href":"https:\/\/purabath.vn\/index.php?rest_route=\/wp\/v2\/pages\/1056\/revisions\/1254"}],"wp:attachment":[{"href":"https:\/\/purabath.vn\/index.php?rest_route=%2Fwp%2Fv2%2Fmedia&parent=1056"}],"curies":[{"name":"wp","href":"https:\/\/api.w.org\/{rel}","templated":true}]}}